{"id":1537,"date":"2023-07-19T10:32:26","date_gmt":"2023-07-19T08:32:26","guid":{"rendered":"https:\/\/www.kiku-apple.com\/impressione\/"},"modified":"2024-08-07T09:05:45","modified_gmt":"2024-08-07T07:05:45","slug":"impressione","status":"publish","type":"page","link":"https:\/\/www.kiku-apple.com\/it\/impressione\/","title":{"rendered":"Credits"},"content":{"rendered":"\t\t<div data-elementor-type=\"wp-page\" data-elementor-id=\"1537\" class=\"elementor elementor-1537 elementor-20\" data-elementor-post-type=\"page\">\n\t\t\t\t\t\t<section class=\"elementor-section elementor-top-section elementor-element elementor-element-b2b7ddb elementor-section-boxed elementor-section-height-default elementor-section-height-default\" data-id=\"b2b7ddb\" data-element_type=\"section\" data-e-type=\"section\">\n\t\t\t\t\t\t<div class=\"elementor-container elementor-column-gap-default\">\n\t\t\t\t\t<div class=\"elementor-column elementor-col-100 elementor-top-column elementor-element elementor-element-11828fb\" data-id=\"11828fb\" data-element_type=\"column\" data-e-type=\"column\">\n\t\t\t<div class=\"elementor-widget-wrap elementor-element-populated\">\n\t\t\t\t\t\t<div class=\"elementor-element elementor-element-4bcd89c elementor-widget elementor-widget-heading\" data-id=\"4bcd89c\" data-element_type=\"widget\" data-e-type=\"widget\" data-widget_type=\"heading.default\">\n\t\t\t\t<div class=\"elementor-widget-container\">\n\t\t\t\t\t<h1 class=\"elementor-heading-title elementor-size-default\">Credits<\/h1>\t\t\t\t<\/div>\n\t\t\t\t<\/div>\n\t\t\t\t<div class=\"elementor-element elementor-element-b5713c4 elementor-widget elementor-widget-text-editor\" data-id=\"b5713c4\" data-element_type=\"widget\" data-e-type=\"widget\" data-widget_type=\"text-editor.default\">\n\t\t\t\t<div class=\"elementor-widget-container\">\n\t\t\t\t\t\t\t\t\t<p><b>\u00a9 Copyright KIKU G.M.B.H<\/b><\/p>\n<p>KIKU\u00ae GmbH<br>Via Pillhof 3<br>I-39057 Appiano (BZ)<br>Trentino Alto Adige<\/p>\n<p>Tel: +39 339 7994 442<br>E-mail: info@kiku-apple.com<br>Sito web: www.kiku-apple.com<\/p>\n<p>MwSt-Nr.\/P.IVA: IT01745080216<br>Gesellschaftskapital\/Cap.Soc.: Euro 50.000<br>Eintrag ins Handelsregister Bozen Nr.\/Inscrizione Camera die Commercio Bolzano no. 01745080216<\/p>\n<p><b>Risoluzione di controversie<\/b><br>La Commissione europea mette a disposizione una piattaforma per la risoluzione delle controversie online (OS): <a href=\"https:\/\/ec.europa.eu\/consumers\/odr\" target=\"_blank\" rel=\"noopener\">https:\/\/ec.europa.eu\/consumers\/odr.<\/a><br>Il nostro indirizzo e-mail \u00e8 riportato nella nota legale di cui sopra. Non siamo disposti o obbligati a partecipare a procedure di risoluzione delle controversie davanti a un collegio arbitrale dei consumatori.<\/p>\n<p><b>Responsabilit\u00e0 per i contenuti del sito web<\/b><br>Abbiamo controllato attentamente le informazioni fornite su questo sito web e le aggiorniamo regolarmente. Tuttavia, non \u00e8 possibile garantire che tutte le informazioni fornite su questo sito siano complete, corrette e aggiornate in ogni caso. Ci\u00f2 vale anche per tutti i link a cui rimandiamo direttamente o indirettamente sul nostro sito web. Il fornitore del rispettivo sito web \u00e8 l&#8217;unico responsabile del contenuto di queste pagine collegate.<\/p>\n<p>L&#8217;obbligo di rimuovere o bloccare l&#8217;uso delle informazioni in conformit\u00e0 alla legislazione generale rimane inalterato. Tuttavia, la responsabilit\u00e0 in questo senso \u00e8 possibile solo dal momento in cui veniamo a conoscenza di una specifica violazione. Non appena verremo a conoscenza di tali violazioni, provvederemo a rimuovere immediatamente tali contenuti.<\/p>\n<p><b>Responsabilit\u00e0 per i link<\/b><br>Il nostro sito web contiene link a siti esterni di terzi sui cui contenuti non abbiamo alcuna influenza. Pertanto, non ci assumiamo alcuna responsabilit\u00e0 per questi contenuti di terzi. Il rispettivo fornitore o gestore delle pagine \u00e8 sempre responsabile del contenuto delle pagine collegate. Le pagine collegate sono state controllate al momento del collegamento per verificare la presenza di eventuali violazioni di legge. I contenuti illegali non erano riconoscibili al momento del collegamento.<\/p>\n<p>Tuttavia, il monitoraggio permanente del contenuto delle pagine collegate non \u00e8 ragionevole senza prove concrete di una violazione. Se veniamo a conoscenza di violazioni legali, rimuoveremo immediatamente tali link.<\/p>\n<p><b>Copyright<\/b><br>I contenuti e le opere create dagli operatori del sito su queste pagine sono soggetti alla legge tedesca sul diritto d&#8217;autore. La duplicazione, l&#8217;elaborazione, la distribuzione e qualsiasi tipo di utilizzo al di fuori dei limiti della legge sul copyright richiedono il consenso scritto del rispettivo autore o creatore. Download e copie di questo sito sono consentiti solo per uso privato e non commerciale.<\/p>\n<p>Nella misura in cui i contenuti di questo sito non sono stati creati dall&#8217;operatore, vengono rispettati i diritti d&#8217;autore di terzi. In particolare, i contenuti di terzi sono contrassegnati come tali. Se tuttavia doveste venire a conoscenza di una violazione del copyright, vi preghiamo di informarci. Qualora venissimo a conoscenza di violazioni, provvederemo a rimuovere immediatamente tali contenuti.<\/p>\n<p><b>Design e realizzazione<\/b><\/p>\n<p><a href=\"http:\/\/www.tm-branding.it\" target=\"_blank\" rel=\"noopener\">TM BRANDING<\/a><br>Zollstangenplatz 4<br>39100 Bozen<br>S\u00fcdtirol &#8211; Italien<\/p>\n<p><b>Foto <br><\/b>KIKU Srl, unsplash.com, envato.com<\/p>\t\t\t\t\t\t\t\t<\/div>\n\t\t\t\t<\/div>\n\t\t\t\t\t<\/div>\n\t\t<\/div>\n\t\t\t\t\t<\/div>\n\t\t<\/section>\n\t\t\t\t<\/div>\n\t\t","protected":false},"excerpt":{"rendered":"<p>Credits \u00a9 Copyright KIKU G.M.B.H KIKU\u00ae GmbHVia Pillhof 3I-39057 Appiano (BZ)Trentino Alto Adige Tel: +39 339 7994 442E-mail: info@kiku-apple.comSito web: www.kiku-apple.com MwSt-Nr.\/P.IVA: IT01745080216Gesellschaftskapital\/Cap.Soc.: Euro 50.000Eintrag ins Handelsregister Bozen Nr.\/Inscrizione Camera die Commercio Bolzano no. 01745080216 Risoluzione di controversieLa Commissione europea mette a disposizione una piattaforma per la risoluzione delle controversie online (OS): https:\/\/ec.europa.eu\/consumers\/odr.Il nostro indirizzo [&hellip;]<\/p>\n","protected":false},"author":1,"featured_media":0,"parent":0,"menu_order":0,"comment_status":"closed","ping_status":"closed","template":"elementor_header_footer","meta":{"_acf_changed":false,"footnotes":""},"class_list":["post-1537","page","type-page","status-publish","hentry"],"acf":[],"yoast_head":"<!-- This site is optimized with the Yoast SEO plugin v27.3 - https:\/\/yoast.com\/product\/yoast-seo-wordpress\/ -->\n<title>Credits - Kiku<\/title>\n<meta name=\"robots\" content=\"index, follow, max-snippet:-1, max-image-preview:large, max-video-preview:-1\" \/>\n<link rel=\"canonical\" href=\"http:\/\/kiku-apple.com.w020ddab.kasserver.com\/it\/impressione\/\" \/>\n<meta property=\"og:locale\" content=\"it_IT\" \/>\n<meta property=\"og:type\" content=\"article\" \/>\n<meta property=\"og:title\" content=\"Credits - Kiku\" \/>\n<meta property=\"og:description\" content=\"Credits \u00a9 Copyright KIKU G.M.B.H KIKU\u00ae GmbHVia Pillhof 3I-39057 Appiano (BZ)Trentino Alto Adige Tel: +39 339 7994 442E-mail: info@kiku-apple.comSito web: www.kiku-apple.com MwSt-Nr.\/P.IVA: IT01745080216Gesellschaftskapital\/Cap.Soc.: Euro 50.000Eintrag ins Handelsregister Bozen Nr.\/Inscrizione Camera die Commercio Bolzano no. 01745080216 Risoluzione di controversieLa Commissione europea mette a disposizione una piattaforma per la risoluzione delle controversie online (OS): https:\/\/ec.europa.eu\/consumers\/odr.Il nostro indirizzo [&hellip;]\" \/>\n<meta property=\"og:url\" content=\"http:\/\/kiku-apple.com.w020ddab.kasserver.com\/it\/impressione\/\" \/>\n<meta property=\"og:site_name\" content=\"Kiku\" \/>\n<meta property=\"article:modified_time\" content=\"2024-08-07T07:05:45+00:00\" \/>\n<meta name=\"twitter:card\" content=\"summary_large_image\" \/>\n<meta name=\"twitter:label1\" content=\"Tempo di lettura stimato\" \/>\n\t<meta name=\"twitter:data1\" content=\"3 minuti\" \/>\n<script type=\"application\/ld+json\" class=\"yoast-schema-graph\">{\"@context\":\"https:\\\/\\\/schema.org\",\"@graph\":[{\"@type\":\"WebPage\",\"@id\":\"http:\\\/\\\/kiku-apple.com.w020ddab.kasserver.com\\\/it\\\/impressione\\\/\",\"url\":\"http:\\\/\\\/kiku-apple.com.w020ddab.kasserver.com\\\/it\\\/impressione\\\/\",\"name\":\"Credits - Kiku\",\"isPartOf\":{\"@id\":\"http:\\\/\\\/kiku-apple.com.w020ddab.kasserver.com\\\/#website\"},\"datePublished\":\"2023-07-19T08:32:26+00:00\",\"dateModified\":\"2024-08-07T07:05:45+00:00\",\"breadcrumb\":{\"@id\":\"http:\\\/\\\/kiku-apple.com.w020ddab.kasserver.com\\\/it\\\/impressione\\\/#breadcrumb\"},\"inLanguage\":\"it-IT\",\"potentialAction\":[{\"@type\":\"ReadAction\",\"target\":[\"http:\\\/\\\/kiku-apple.com.w020ddab.kasserver.com\\\/it\\\/impressione\\\/\"]}]},{\"@type\":\"BreadcrumbList\",\"@id\":\"http:\\\/\\\/kiku-apple.com.w020ddab.kasserver.com\\\/it\\\/impressione\\\/#breadcrumb\",\"itemListElement\":[{\"@type\":\"ListItem\",\"position\":1,\"name\":\"Startseite\",\"item\":\"https:\\\/\\\/www.kiku-apple.com\\\/it\\\/\"},{\"@type\":\"ListItem\",\"position\":2,\"name\":\"Credits\"}]},{\"@type\":\"WebSite\",\"@id\":\"http:\\\/\\\/kiku-apple.com.w020ddab.kasserver.com\\\/#website\",\"url\":\"http:\\\/\\\/kiku-apple.com.w020ddab.kasserver.com\\\/\",\"name\":\"Kiku\",\"description\":\"Mehr als ein apfel\",\"publisher\":{\"@id\":\"http:\\\/\\\/kiku-apple.com.w020ddab.kasserver.com\\\/#organization\"},\"potentialAction\":[{\"@type\":\"SearchAction\",\"target\":{\"@type\":\"EntryPoint\",\"urlTemplate\":\"http:\\\/\\\/kiku-apple.com.w020ddab.kasserver.com\\\/?s={search_term_string}\"},\"query-input\":{\"@type\":\"PropertyValueSpecification\",\"valueRequired\":true,\"valueName\":\"search_term_string\"}}],\"inLanguage\":\"it-IT\"},{\"@type\":\"Organization\",\"@id\":\"http:\\\/\\\/kiku-apple.com.w020ddab.kasserver.com\\\/#organization\",\"name\":\"Kiku\",\"url\":\"http:\\\/\\\/kiku-apple.com.w020ddab.kasserver.com\\\/\",\"logo\":{\"@type\":\"ImageObject\",\"inLanguage\":\"it-IT\",\"@id\":\"http:\\\/\\\/kiku-apple.com.w020ddab.kasserver.com\\\/#\\\/schema\\\/logo\\\/image\\\/\",\"url\":\"https:\\\/\\\/www.kiku-apple.com\\\/wp-content\\\/uploads\\\/2023\\\/07\\\/Gruppe-maskieren-30-e1689770141656.png\",\"contentUrl\":\"https:\\\/\\\/www.kiku-apple.com\\\/wp-content\\\/uploads\\\/2023\\\/07\\\/Gruppe-maskieren-30-e1689770141656.png\",\"width\":209,\"height\":227,\"caption\":\"Kiku\"},\"image\":{\"@id\":\"http:\\\/\\\/kiku-apple.com.w020ddab.kasserver.com\\\/#\\\/schema\\\/logo\\\/image\\\/\"}}]}<\/script>\n<!-- \/ Yoast SEO plugin. -->","yoast_head_json":{"title":"Credits - Kiku","robots":{"index":"index","follow":"follow","max-snippet":"max-snippet:-1","max-image-preview":"max-image-preview:large","max-video-preview":"max-video-preview:-1"},"canonical":"http:\/\/kiku-apple.com.w020ddab.kasserver.com\/it\/impressione\/","og_locale":"it_IT","og_type":"article","og_title":"Credits - Kiku","og_description":"Credits \u00a9 Copyright KIKU G.M.B.H KIKU\u00ae GmbHVia Pillhof 3I-39057 Appiano (BZ)Trentino Alto Adige Tel: +39 339 7994 442E-mail: info@kiku-apple.comSito web: www.kiku-apple.com MwSt-Nr.\/P.IVA: IT01745080216Gesellschaftskapital\/Cap.Soc.: Euro 50.000Eintrag ins Handelsregister Bozen Nr.\/Inscrizione Camera die Commercio Bolzano no. 01745080216 Risoluzione di controversieLa Commissione europea mette a disposizione una piattaforma per la risoluzione delle controversie online (OS): https:\/\/ec.europa.eu\/consumers\/odr.Il nostro indirizzo [&hellip;]","og_url":"http:\/\/kiku-apple.com.w020ddab.kasserver.com\/it\/impressione\/","og_site_name":"Kiku","article_modified_time":"2024-08-07T07:05:45+00:00","twitter_card":"summary_large_image","twitter_misc":{"Tempo di lettura stimato":"3 minuti"},"schema":{"@context":"https:\/\/schema.org","@graph":[{"@type":"WebPage","@id":"http:\/\/kiku-apple.com.w020ddab.kasserver.com\/it\/impressione\/","url":"http:\/\/kiku-apple.com.w020ddab.kasserver.com\/it\/impressione\/","name":"Credits - Kiku","isPartOf":{"@id":"http:\/\/kiku-apple.com.w020ddab.kasserver.com\/#website"},"datePublished":"2023-07-19T08:32:26+00:00","dateModified":"2024-08-07T07:05:45+00:00","breadcrumb":{"@id":"http:\/\/kiku-apple.com.w020ddab.kasserver.com\/it\/impressione\/#breadcrumb"},"inLanguage":"it-IT","potentialAction":[{"@type":"ReadAction","target":["http:\/\/kiku-apple.com.w020ddab.kasserver.com\/it\/impressione\/"]}]},{"@type":"BreadcrumbList","@id":"http:\/\/kiku-apple.com.w020ddab.kasserver.com\/it\/impressione\/#breadcrumb","itemListElement":[{"@type":"ListItem","position":1,"name":"Startseite","item":"https:\/\/www.kiku-apple.com\/it\/"},{"@type":"ListItem","position":2,"name":"Credits"}]},{"@type":"WebSite","@id":"http:\/\/kiku-apple.com.w020ddab.kasserver.com\/#website","url":"http:\/\/kiku-apple.com.w020ddab.kasserver.com\/","name":"Kiku","description":"Mehr als ein apfel","publisher":{"@id":"http:\/\/kiku-apple.com.w020ddab.kasserver.com\/#organization"},"potentialAction":[{"@type":"SearchAction","target":{"@type":"EntryPoint","urlTemplate":"http:\/\/kiku-apple.com.w020ddab.kasserver.com\/?s={search_term_string}"},"query-input":{"@type":"PropertyValueSpecification","valueRequired":true,"valueName":"search_term_string"}}],"inLanguage":"it-IT"},{"@type":"Organization","@id":"http:\/\/kiku-apple.com.w020ddab.kasserver.com\/#organization","name":"Kiku","url":"http:\/\/kiku-apple.com.w020ddab.kasserver.com\/","logo":{"@type":"ImageObject","inLanguage":"it-IT","@id":"http:\/\/kiku-apple.com.w020ddab.kasserver.com\/#\/schema\/logo\/image\/","url":"https:\/\/www.kiku-apple.com\/wp-content\/uploads\/2023\/07\/Gruppe-maskieren-30-e1689770141656.png","contentUrl":"https:\/\/www.kiku-apple.com\/wp-content\/uploads\/2023\/07\/Gruppe-maskieren-30-e1689770141656.png","width":209,"height":227,"caption":"Kiku"},"image":{"@id":"http:\/\/kiku-apple.com.w020ddab.kasserver.com\/#\/schema\/logo\/image\/"}}]}},"_links":{"self":[{"href":"https:\/\/www.kiku-apple.com\/it\/wp-json\/wp\/v2\/pages\/1537","targetHints":{"allow":["GET"]}}],"collection":[{"href":"https:\/\/www.kiku-apple.com\/it\/wp-json\/wp\/v2\/pages"}],"about":[{"href":"https:\/\/www.kiku-apple.com\/it\/wp-json\/wp\/v2\/types\/page"}],"author":[{"embeddable":true,"href":"https:\/\/www.kiku-apple.com\/it\/wp-json\/wp\/v2\/users\/1"}],"replies":[{"embeddable":true,"href":"https:\/\/www.kiku-apple.com\/it\/wp-json\/wp\/v2\/comments?post=1537"}],"version-history":[{"count":20,"href":"https:\/\/www.kiku-apple.com\/it\/wp-json\/wp\/v2\/pages\/1537\/revisions"}],"predecessor-version":[{"id":2139,"href":"https:\/\/www.kiku-apple.com\/it\/wp-json\/wp\/v2\/pages\/1537\/revisions\/2139"}],"wp:attachment":[{"href":"https:\/\/www.kiku-apple.com\/it\/wp-json\/wp\/v2\/media?parent=1537"}],"curies":[{"name":"wp","href":"https:\/\/api.w.org\/{rel}","templated":true}]}}